{"id":13,"date":"2022-02-24T15:04:13","date_gmt":"2022-02-24T14:04:13","guid":{"rendered":"http:\/\/cdi.leonarddevinci-mayenne.fr\/?page_id=13"},"modified":"2022-06-01T10:35:59","modified_gmt":"2022-06-01T08:35:59","slug":"mentions-legales","status":"publish","type":"page","link":"https:\/\/cdi.leonarddevinci-mayenne.fr\/index.php\/mentions-legales\/","title":{"rendered":"Mentions l\u00e9gales"},"content":{"rendered":"\n<div class=\"wp-block-columns alignwide is-layout-flex wp-container-core-columns-is-layout-28f84493 wp-block-columns-is-layout-flex\">\n<div class=\"wp-block-column is-layout-flow wp-block-column-is-layout-flow\">\n<h3 class=\"wp-block-heading\">Mentions l\u00e9gales et politique de confidentialit\u00e9<\/h3>\n\n\n\n<p>Merci de lire avec attention les diff\u00e9rentes modalit\u00e9s d\u2019utilisation du pr\u00e9sent site avant d\u2019y parcourir ses pages. En vous connectant sur ce site, vous acceptez sans r\u00e9serves les pr\u00e9sentes modalit\u00e9s. Aussi, conform\u00e9ment \u00e0 l\u2019article n\u00b06 de la Loi n\u00b02004-575 du 21 Juin 2004 pour la confiance dans l\u2019\u00e9conomie num\u00e9rique, les responsables du pr\u00e9sent site internet cdi.leonarddevinci-mayenne.fr sont :<\/p>\n\n\n\n<h3 class=\"wp-block-heading\">\u00c9diteur du site<\/h3>\n\n\n\n<p>Section Industries Graphiques<br>Responsable \u00e9ditorial : M. Thierry Sylvestre, proviseur<br>Lyc\u00e9e Professionnel L\u00e9onard-de-Vinci<br>129 boulevard de l\u2019Europe, 53100 Mayenne, France<br>T\u00e9l\u00e9phone : 02 43 04 20 98<br>Email : ce.0530079y@ac-nantes.fr<\/p>\n\n\n\n<h3 class=\"wp-block-heading\">H\u00e9bergement<\/h3>\n\n\n\n<p>OVH<br>Si\u00e8ge social : 2 rue Kellermann, 59100 Roubaix, France<br>Site Web : www.ovh.com<\/p>\n\n\n\n<h3 class=\"wp-block-heading\">Conditions g\u00e9n\u00e9rales d\u2019utilisation<\/h3>\n\n\n\n<p>Ce site (cdi.leonarddevinci-mayenne.fr) est propos\u00e9 en diff\u00e9rents langages web (HTML, HTML5, Javascript, CSS\u2026) pour un meilleur confort d\u2019utilisation et un graphisme plus agr\u00e9able, nous vous recommandons de recourir \u00e0 des navigateurs modernes comme Safari, Firefox, Google Chrome\u2026<br>Le CDI du lyc\u00e9e L\u00e9onard-de-Vinci met en \u0153uvre tous les moyens dont elle dispose, pour assurer une information fiable et une mise \u00e0 jour fiable de ses sites internet. Toutefois, des erreurs ou omissions peuvent survenir. L\u2019internaute devra donc s\u2019assurer de l\u2019exactitude des informations aupr\u00e8s du CDI du lyc\u00e9e L\u00e9onard-de-Vinci, et signaler toutes modifications du site qu\u2019il jugerait utile. Le CDI du lyc\u00e9e L\u00e9onard-de-Vinci n\u2019est en aucun cas responsable de l\u2019utilisation faite de ces informations, et de tout pr\u00e9judice direct ou indirect pouvant en d\u00e9couler.<\/p>\n\n\n\n<h3 class=\"wp-block-heading\">Cookies<\/h3>\n\n\n\n<p>Le site cdi.leonarddevinci-mayenne.fr peut-\u00eatre amen\u00e9 \u00e0 vous demander l\u2019acceptation des cookies pour des besoins de statistiques et d\u2019affichage. Un cookies est une information d\u00e9pos\u00e9e sur votre disque dur par le serveur du site que vous visitez. Il contient plusieurs donn\u00e9es qui sont stock\u00e9es sur votre ordinateur dans un simple fichier texte auquel un serveur acc\u00e8de pour lire et enregistrer des informations. Certaines parties de ce site ne peuvent \u00eatre fonctionnelles sans l\u2019acceptation de cookies.<\/p>\n\n\n\n<h3 class=\"wp-block-heading\">Liens hypertextes<\/h3>\n\n\n\n<p>Le site internet peuvent offrir des liens vers d\u2019autres sites internet ou d\u2019autres ressources disponibles sur Internet. Le CDI du lyc\u00e9e L\u00e9onard-de-Vinci ne dispose d\u2019aucun moyen pour contr\u00f4ler les sites en connexion avec ses sites internet. Le CDI du lyc\u00e9e L\u00e9onard-de-Vinci ne r\u00e9pond pas de la disponibilit\u00e9 de tels sites et sources externes, ni ne la garantit. Elle ne peut \u00eatre tenue pour responsable de tout dommage, de quelque nature que ce soit, r\u00e9sultant du contenu de ces sites ou sources externes, et notamment des informations, produits ou services qu\u2019ils proposent, ou de tout usage qui peut \u00eatre fait de ces \u00e9l\u00e9ments. Les risques li\u00e9s \u00e0 cette utilisation incombent pleinement \u00e0 l\u2019internaute, qui doit se conformer \u00e0 leurs conditions d\u2019utilisation.<br>Les utilisateurs, les abonn\u00e9s et les visiteurs des sites internet ne peuvent pas mettre en place un hyperlien en direction de ce site sans l\u2019autorisation expresse et pr\u00e9alable du CDI du lyc\u00e9e L\u00e9onard-de-Vinci.<br>Dans l\u2019hypoth\u00e8se o\u00f9 un utilisateur ou visiteur souhaiterait mettre en place un hyperlien en direction d\u2019un des sites internet du CDI du lyc\u00e9e L\u00e9onard-de-Vinci, il lui appartiendra d\u2019adresser un email accessible sur le site afin de formuler sa demande de mise en place d\u2019un hyperlien. Le CDI du lyc\u00e9e L\u00e9onard-de-Vinci se r\u00e9serve le droit d\u2019accepter ou de refuser un hyperlien sans avoir \u00e0 en justifier sa d\u00e9cision.<\/p>\n\n\n\n<h3 class=\"wp-block-heading\">Services fournis<\/h3>\n\n\n\n<p>L\u2019ensemble des activit\u00e9s de la section Industries Graphiques du lyc\u00e9e L\u00e9onard-de-Vinci ainsi que ses informations sont pr\u00e9sent\u00e9es sur notre site cdi.leonarddevinci-mayenne.fr.<br>Le CDI du lyc\u00e9e L\u00e9onard-de-Vinci s\u2019efforce de fournir sur le site cdi.leonarddevinci-mayenne.fr des informations aussi pr\u00e9cises que possible. Les renseignements figurant sur le site cdi.leonarddevinci-mayenne.fr ne sont pas exhaustifs et les photos non contractuelles. Ils sont donn\u00e9s sous r\u00e9serve de modifications ayant \u00e9t\u00e9 apport\u00e9es depuis leur mise en ligne. Par ailleurs, tous les informations indiqu\u00e9es sur le site cdi.leonarddevinci-mayenne.fr sont donn\u00e9es \u00e0 titre indicatif, et sont susceptibles de changer ou d\u2019\u00e9voluer sans pr\u00e9avis.<\/p>\n<\/div>\n\n\n\n<div class=\"wp-block-column is-layout-flow wp-block-column-is-layout-flow\">\n<h3 class=\"wp-block-heading\">Limitation contractuelles sur les donn\u00e9es<\/h3>\n\n\n\n<p>Les informations contenues sur ce site sont aussi pr\u00e9cises que possible et le site remis \u00e0 jour \u00e0 diff\u00e9rentes p\u00e9riodes de l\u2019ann\u00e9e, mais peut toutefois contenir des inexactitudes ou des omissions. Si vous constatez une lacune, erreur ou ce qui parait \u00eatre un dysfonctionnement, merci de bien vouloir le signaler par email, \u00e0 l\u2019adresse ce.0530079y@ac-nantes.fr, en d\u00e9crivant le probl\u00e8me de la mani\u00e8re la plus pr\u00e9cise possible (page posant probl\u00e8me, type d\u2019ordinateur et de navigateur utilis\u00e9\u2026).<br>Tout contenu t\u00e9l\u00e9charg\u00e9 se fait aux risques et p\u00e9rils de l\u2019utilisateur et sous sa seule responsabilit\u00e9. En cons\u00e9quence, ne saurait \u00eatre tenu responsable d\u2019un quelconque dommage subi par l\u2019ordinateur de l\u2019utilisateur ou d\u2019une quelconque perte de donn\u00e9es cons\u00e9cutives au t\u00e9l\u00e9chargement. De plus, l\u2019utilisateur du site s\u2019engage \u00e0 acc\u00e9der au site en utilisant un mat\u00e9riel r\u00e9cent, ne contenant pas de virus et avec un navigateur de derni\u00e8re g\u00e9n\u00e9ration mis-\u00e0-jour.<br>Les liens hypertextes mis en place dans le cadre du pr\u00e9sent site internet en direction d\u2019autres ressources pr\u00e9sentes sur le r\u00e9seau internet ne sauraient engager la responsabilit\u00e9 du CDI du lyc\u00e9e L\u00e9onard-de-Vinci.<\/p>\n\n\n\n<h3 class=\"wp-block-heading\">Propri\u00e9t\u00e9 intellectuelle<\/h3>\n\n\n\n<p>Tout le contenu du pr\u00e9sent site cdi.leonarddevinci-mayenne.fr, incluant, de fa\u00e7on non limitative, les graphismes, images, textes, vid\u00e9os, animations, sons, logos, gifs et ic\u00f4nes ainsi que leur mise en forme sont la propri\u00e9t\u00e9 exclusive du CDI du lyc\u00e9e L\u00e9onard-de-Vinci \u00e0 l\u2019exception des marques, logos ou contenus appartenant \u00e0 d\u2019autres soci\u00e9t\u00e9s partenaires ou auteurs.<br>Toute reproduction, distribution, modification, adaptation, retransmission ou publication, m\u00eame partielle, de ces diff\u00e9rents \u00e9l\u00e9ments est strictement interdite sans l\u2019accord expr\u00e8s par \u00e9crit du CDI du lyc\u00e9e L\u00e9onard-de-Vinci. Cette repr\u00e9sentation ou reproduction, par quelque proc\u00e9d\u00e9 que ce soit, constitue une contrefa\u00e7on sanctionn\u00e9e par les articles L.335-2 et suivants du Code de la propri\u00e9t\u00e9 intellectuelle. Le non-respect de cette interdiction constitue une contrefa\u00e7on pouvant engager la responsabilit\u00e9 civile et p\u00e9nale du contrefacteur. En outre, les propri\u00e9taires des contenus copi\u00e9s pourraient intenter une action en justice \u00e0 votre encontre.<\/p>\n\n\n\n<h3 class=\"wp-block-heading\">Litiges<\/h3>\n\n\n\n<p>Les pr\u00e9sentes conditions du site cdi.leonarddevinci-mayenne.fr sont r\u00e9gies par les lois fran\u00e7aises et toute contestation ou litiges qui pourraient na\u00eetre de l\u2019interpr\u00e9tation ou de l\u2019ex\u00e9cution de celles-ci seront de la comp\u00e9tence exclusive des tribunaux dont d\u00e9pend le lyc\u00e9e L\u00e9onard-de-Vinci de Mayenne. La langue de r\u00e9f\u00e9rence, pour le r\u00e8glement de contentieux \u00e9ventuels, est le fran\u00e7ais.<\/p>\n\n\n\n<h3 class=\"wp-block-heading\">Donn\u00e9es personnelles<\/h3>\n\n\n\n<p>De mani\u00e8re g\u00e9n\u00e9rale, vous n\u2019\u00eates pas tenu de nous communiquer vos donn\u00e9es personnelles lorsque vous visitez notre site Internet cdi.leonarddevinci-mayenne.fr.<br>Enfin, nous pouvons collecter de mani\u00e8re automatique certaines informations vous concernant lors d\u2019une simple navigation sur notre site internet, notamment : des informations concernant l\u2019utilisation de notre site, comme les zones que vous visitez et les services auxquels vous acc\u00e9dez, votre adresse IP, le type de votre navigateur, vos temps d\u2019acc\u00e8s.<br>De telles informations sont utilis\u00e9es exclusivement \u00e0 des fins de statistiques internes, de mani\u00e8re \u00e0 am\u00e9liorer la qualit\u00e9 des services qui vous sont propos\u00e9s. Les bases de donn\u00e9es sont prot\u00e9g\u00e9es par les dispositions de la loi du 1er juillet 1998 transposant la directive 96\/9 du 11 mars 1996 relative \u00e0 la protection juridique des bases de donn\u00e9es.<\/p>\n\n\n\n<h3 class=\"wp-block-heading\">Utilisations des images<\/h3>\n\n\n\n<p>Banque d&rsquo;images : <a href=\"https:\/\/www.pexels.com\/fr-fr\/license\/\">Pexels<\/a>, <a href=\"https:\/\/pixabay.com\/fr\/service\/license\/\">Pixabay<\/a>.<br>Photo du CDI L\u00e9onard-de-Vinci : Audrey Borg-Champeau, Erwann Bouet, Simon Mercier<\/p>\n\n\n\n<h3 class=\"wp-block-heading\">R\u00e9alisation du site<\/h3>\n\n\n\n<p>Site r\u00e9alis\u00e9 par Simon Mercier.<\/p>\n<\/div>\n<\/div>\n","protected":false},"excerpt":{"rendered":"<p>Mentions l\u00e9gales et politique de confidentialit\u00e9 Merci de lire avec attention les diff\u00e9rentes modalit\u00e9s d\u2019utilisation du pr\u00e9sent site avant d\u2019y parcourir ses pages. En vous connectant sur ce site, vous acceptez sans r\u00e9serves les pr\u00e9sentes modalit\u00e9s. Aussi, conform\u00e9ment \u00e0 l\u2019article n\u00b06 de la Loi n\u00b02004-575 du 21 Juin 2004 pour la confiance dans l\u2019\u00e9conomie num\u00e9rique, &hellip;<\/p>\n<p class=\"read-more\"> <a class=\"\" href=\"https:\/\/cdi.leonarddevinci-mayenne.fr\/index.php\/mentions-legales\/\"> <span class=\"screen-reader-text\">Mentions l\u00e9gales<\/span> Lire la suite\u00a0\u00bb<\/a><\/p>\n","protected":false},"author":1,"featured_media":0,"parent":0,"menu_order":0,"comment_status":"closed","ping_status":"closed","template":"","meta":{"site-sidebar-layout":"default","site-content-layout":"default","ast-global-header-display":"","ast-main-header-display":"","ast-hfb-above-header-display":"","ast-hfb-below-header-display":"","ast-hfb-mobile-header-display":"","site-post-title":"","ast-breadcrumbs-content":"","ast-featured-img":"","footer-sml-layout":"","theme-transparent-header-meta":"","adv-header-id-meta":"","stick-header-meta":"","header-above-stick-meta":"","header-main-stick-meta":"","header-below-stick-meta":"","footnotes":""},"class_list":["post-13","page","type-page","status-publish","hentry"],"yoast_head":"<!-- This site is optimized with the Yoast SEO plugin v27.5 - https:\/\/yoast.com\/product\/yoast-seo-wordpress\/ -->\n<title>Mentions l\u00e9gales - CDI L\u00e9onard-de-Vinci Mayenne<\/title>\n<meta name=\"robots\" content=\"index, follow, max-snippet:-1, max-image-preview:large, max-video-preview:-1\" \/>\n<link rel=\"canonical\" href=\"https:\/\/cdi.leonarddevinci-mayenne.fr\/index.php\/mentions-legales\/\" \/>\n<meta property=\"og:locale\" content=\"fr_FR\" \/>\n<meta property=\"og:type\" content=\"article\" \/>\n<meta property=\"og:title\" content=\"Mentions l\u00e9gales - CDI L\u00e9onard-de-Vinci Mayenne\" \/>\n<meta property=\"og:description\" content=\"Mentions l\u00e9gales et politique de confidentialit\u00e9 Merci de lire avec attention les diff\u00e9rentes modalit\u00e9s d\u2019utilisation du pr\u00e9sent site avant d\u2019y parcourir ses pages. En vous connectant sur ce site, vous acceptez sans r\u00e9serves les pr\u00e9sentes modalit\u00e9s. Aussi, conform\u00e9ment \u00e0 l\u2019article n\u00b06 de la Loi n\u00b02004-575 du 21 Juin 2004 pour la confiance dans l\u2019\u00e9conomie num\u00e9rique, &hellip; Mentions l\u00e9gales Lire la suite\u00a0\u00bb\" \/>\n<meta property=\"og:url\" content=\"https:\/\/cdi.leonarddevinci-mayenne.fr\/index.php\/mentions-legales\/\" \/>\n<meta property=\"og:site_name\" content=\"CDI L\u00e9onard-de-Vinci Mayenne\" \/>\n<meta property=\"article:modified_time\" content=\"2022-06-01T08:35:59+00:00\" \/>\n<meta name=\"twitter:card\" content=\"summary_large_image\" \/>\n<meta name=\"twitter:label1\" content=\"Dur\u00e9e de lecture estim\u00e9e\" \/>\n\t<meta name=\"twitter:data1\" content=\"6 minutes\" \/>\n<script type=\"application\/ld+json\" class=\"yoast-schema-graph\">{\"@context\":\"https:\\\/\\\/schema.org\",\"@graph\":[{\"@type\":\"WebPage\",\"@id\":\"https:\\\/\\\/cdi.leonarddevinci-mayenne.fr\\\/index.php\\\/mentions-legales\\\/\",\"url\":\"https:\\\/\\\/cdi.leonarddevinci-mayenne.fr\\\/index.php\\\/mentions-legales\\\/\",\"name\":\"Mentions l\u00e9gales - CDI L\u00e9onard-de-Vinci Mayenne\",\"isPartOf\":{\"@id\":\"https:\\\/\\\/cdi.leonarddevinci-mayenne.fr\\\/#website\"},\"datePublished\":\"2022-02-24T14:04:13+00:00\",\"dateModified\":\"2022-06-01T08:35:59+00:00\",\"breadcrumb\":{\"@id\":\"https:\\\/\\\/cdi.leonarddevinci-mayenne.fr\\\/index.php\\\/mentions-legales\\\/#breadcrumb\"},\"inLanguage\":\"fr-FR\",\"potentialAction\":[{\"@type\":\"ReadAction\",\"target\":[\"https:\\\/\\\/cdi.leonarddevinci-mayenne.fr\\\/index.php\\\/mentions-legales\\\/\"]}]},{\"@type\":\"BreadcrumbList\",\"@id\":\"https:\\\/\\\/cdi.leonarddevinci-mayenne.fr\\\/index.php\\\/mentions-legales\\\/#breadcrumb\",\"itemListElement\":[{\"@type\":\"ListItem\",\"position\":1,\"name\":\"Accueil\",\"item\":\"https:\\\/\\\/cdi.leonarddevinci-mayenne.fr\\\/\"},{\"@type\":\"ListItem\",\"position\":2,\"name\":\"Mentions l\u00e9gales\"}]},{\"@type\":\"WebSite\",\"@id\":\"https:\\\/\\\/cdi.leonarddevinci-mayenne.fr\\\/#website\",\"url\":\"https:\\\/\\\/cdi.leonarddevinci-mayenne.fr\\\/\",\"name\":\"CDI L\u00e9onard-de-Vinci Mayenne\",\"description\":\"\",\"publisher\":{\"@id\":\"https:\\\/\\\/cdi.leonarddevinci-mayenne.fr\\\/#organization\"},\"potentialAction\":[{\"@type\":\"SearchAction\",\"target\":{\"@type\":\"EntryPoint\",\"urlTemplate\":\"https:\\\/\\\/cdi.leonarddevinci-mayenne.fr\\\/?s={search_term_string}\"},\"query-input\":{\"@type\":\"PropertyValueSpecification\",\"valueRequired\":true,\"valueName\":\"search_term_string\"}}],\"inLanguage\":\"fr-FR\"},{\"@type\":\"Organization\",\"@id\":\"https:\\\/\\\/cdi.leonarddevinci-mayenne.fr\\\/#organization\",\"name\":\"CDI L\u00e9onard-de-Vinci Mayenne\",\"url\":\"https:\\\/\\\/cdi.leonarddevinci-mayenne.fr\\\/\",\"logo\":{\"@type\":\"ImageObject\",\"inLanguage\":\"fr-FR\",\"@id\":\"https:\\\/\\\/cdi.leonarddevinci-mayenne.fr\\\/#\\\/schema\\\/logo\\\/image\\\/\",\"url\":\"https:\\\/\\\/cdi.leonarddevinci-mayenne.fr\\\/wp-content\\\/uploads\\\/2022\\\/05\\\/logo_cdi_couleur-01.png\",\"contentUrl\":\"https:\\\/\\\/cdi.leonarddevinci-mayenne.fr\\\/wp-content\\\/uploads\\\/2022\\\/05\\\/logo_cdi_couleur-01.png\",\"width\":175,\"height\":93,\"caption\":\"CDI L\u00e9onard-de-Vinci Mayenne\"},\"image\":{\"@id\":\"https:\\\/\\\/cdi.leonarddevinci-mayenne.fr\\\/#\\\/schema\\\/logo\\\/image\\\/\"}}]}<\/script>\n<!-- \/ Yoast SEO plugin. -->","yoast_head_json":{"title":"Mentions l\u00e9gales - CDI L\u00e9onard-de-Vinci Mayenne","robots":{"index":"index","follow":"follow","max-snippet":"max-snippet:-1","max-image-preview":"max-image-preview:large","max-video-preview":"max-video-preview:-1"},"canonical":"https:\/\/cdi.leonarddevinci-mayenne.fr\/index.php\/mentions-legales\/","og_locale":"fr_FR","og_type":"article","og_title":"Mentions l\u00e9gales - CDI L\u00e9onard-de-Vinci Mayenne","og_description":"Mentions l\u00e9gales et politique de confidentialit\u00e9 Merci de lire avec attention les diff\u00e9rentes modalit\u00e9s d\u2019utilisation du pr\u00e9sent site avant d\u2019y parcourir ses pages. En vous connectant sur ce site, vous acceptez sans r\u00e9serves les pr\u00e9sentes modalit\u00e9s. Aussi, conform\u00e9ment \u00e0 l\u2019article n\u00b06 de la Loi n\u00b02004-575 du 21 Juin 2004 pour la confiance dans l\u2019\u00e9conomie num\u00e9rique, &hellip; Mentions l\u00e9gales Lire la suite\u00a0\u00bb","og_url":"https:\/\/cdi.leonarddevinci-mayenne.fr\/index.php\/mentions-legales\/","og_site_name":"CDI L\u00e9onard-de-Vinci Mayenne","article_modified_time":"2022-06-01T08:35:59+00:00","twitter_card":"summary_large_image","twitter_misc":{"Dur\u00e9e de lecture estim\u00e9e":"6 minutes"},"schema":{"@context":"https:\/\/schema.org","@graph":[{"@type":"WebPage","@id":"https:\/\/cdi.leonarddevinci-mayenne.fr\/index.php\/mentions-legales\/","url":"https:\/\/cdi.leonarddevinci-mayenne.fr\/index.php\/mentions-legales\/","name":"Mentions l\u00e9gales - CDI L\u00e9onard-de-Vinci Mayenne","isPartOf":{"@id":"https:\/\/cdi.leonarddevinci-mayenne.fr\/#website"},"datePublished":"2022-02-24T14:04:13+00:00","dateModified":"2022-06-01T08:35:59+00:00","breadcrumb":{"@id":"https:\/\/cdi.leonarddevinci-mayenne.fr\/index.php\/mentions-legales\/#breadcrumb"},"inLanguage":"fr-FR","potentialAction":[{"@type":"ReadAction","target":["https:\/\/cdi.leonarddevinci-mayenne.fr\/index.php\/mentions-legales\/"]}]},{"@type":"BreadcrumbList","@id":"https:\/\/cdi.leonarddevinci-mayenne.fr\/index.php\/mentions-legales\/#breadcrumb","itemListElement":[{"@type":"ListItem","position":1,"name":"Accueil","item":"https:\/\/cdi.leonarddevinci-mayenne.fr\/"},{"@type":"ListItem","position":2,"name":"Mentions l\u00e9gales"}]},{"@type":"WebSite","@id":"https:\/\/cdi.leonarddevinci-mayenne.fr\/#website","url":"https:\/\/cdi.leonarddevinci-mayenne.fr\/","name":"CDI L\u00e9onard-de-Vinci Mayenne","description":"","publisher":{"@id":"https:\/\/cdi.leonarddevinci-mayenne.fr\/#organization"},"potentialAction":[{"@type":"SearchAction","target":{"@type":"EntryPoint","urlTemplate":"https:\/\/cdi.leonarddevinci-mayenne.fr\/?s={search_term_string}"},"query-input":{"@type":"PropertyValueSpecification","valueRequired":true,"valueName":"search_term_string"}}],"inLanguage":"fr-FR"},{"@type":"Organization","@id":"https:\/\/cdi.leonarddevinci-mayenne.fr\/#organization","name":"CDI L\u00e9onard-de-Vinci Mayenne","url":"https:\/\/cdi.leonarddevinci-mayenne.fr\/","logo":{"@type":"ImageObject","inLanguage":"fr-FR","@id":"https:\/\/cdi.leonarddevinci-mayenne.fr\/#\/schema\/logo\/image\/","url":"https:\/\/cdi.leonarddevinci-mayenne.fr\/wp-content\/uploads\/2022\/05\/logo_cdi_couleur-01.png","contentUrl":"https:\/\/cdi.leonarddevinci-mayenne.fr\/wp-content\/uploads\/2022\/05\/logo_cdi_couleur-01.png","width":175,"height":93,"caption":"CDI L\u00e9onard-de-Vinci Mayenne"},"image":{"@id":"https:\/\/cdi.leonarddevinci-mayenne.fr\/#\/schema\/logo\/image\/"}}]}},"_links":{"self":[{"href":"https:\/\/cdi.leonarddevinci-mayenne.fr\/index.php\/wp-json\/wp\/v2\/pages\/13","targetHints":{"allow":["GET"]}}],"collection":[{"href":"https:\/\/cdi.leonarddevinci-mayenne.fr\/index.php\/wp-json\/wp\/v2\/pages"}],"about":[{"href":"https:\/\/cdi.leonarddevinci-mayenne.fr\/index.php\/wp-json\/wp\/v2\/types\/page"}],"author":[{"embeddable":true,"href":"https:\/\/cdi.leonarddevinci-mayenne.fr\/index.php\/wp-json\/wp\/v2\/users\/1"}],"replies":[{"embeddable":true,"href":"https:\/\/cdi.leonarddevinci-mayenne.fr\/index.php\/wp-json\/wp\/v2\/comments?post=13"}],"version-history":[{"count":13,"href":"https:\/\/cdi.leonarddevinci-mayenne.fr\/index.php\/wp-json\/wp\/v2\/pages\/13\/revisions"}],"predecessor-version":[{"id":969,"href":"https:\/\/cdi.leonarddevinci-mayenne.fr\/index.php\/wp-json\/wp\/v2\/pages\/13\/revisions\/969"}],"wp:attachment":[{"href":"https:\/\/cdi.leonarddevinci-mayenne.fr\/index.php\/wp-json\/wp\/v2\/media?parent=13"}],"curies":[{"name":"wp","href":"https:\/\/api.w.org\/{rel}","templated":true}]}}