{"id":947,"date":"2022-05-19T16:16:45","date_gmt":"2022-05-19T14:16:45","guid":{"rendered":"https:\/\/cdi.leonarddevinci-mayenne.fr\/?page_id=947"},"modified":"2022-05-19T16:18:31","modified_gmt":"2022-05-19T14:18:31","slug":"accueil","status":"publish","type":"page","link":"https:\/\/cdi.leonarddevinci-mayenne.fr\/index.php\/accueil\/","title":{"rendered":"Accueil"},"content":{"rendered":"\n<div class=\"wp-block-columns alignwide is-layout-flex wp-container-core-columns-is-layout-28f84493 wp-block-columns-is-layout-flex\">\n<div class=\"wp-block-column is-layout-flow wp-block-column-is-layout-flow\">\n<p>Situ\u00e9 au rez-de-chauss\u00e9e de l\u2019internat des gar\u00e7ons et \u00e0 proximit\u00e9 du foyer, le CDI est un espace de travail et de lecture destin\u00e9 aux \u00e9l\u00e8ves, \u00e9tudiants, apprentis, professeurs et personnels.<\/p>\n\n\n\n<p><\/p>\n<\/div>\n\n\n\n<div class=\"wp-block-column is-layout-flow wp-block-column-is-layout-flow\">\n<p>Le fonds documentaire r\u00e9pond aux besoins des activit\u00e9s p\u00e9dagogiques interdisciplinaires, \u00e0 vis\u00e9es professionnelles et culturelles, s\u2019y d\u00e9roulant. Les acquisitions sont effectu\u00e9es en fonction des projets, des programmes scolaires et des centres d\u2019int\u00e9r\u00eat des usagers.<\/p>\n<\/div>\n<\/div>\n\n\n\n<div class=\"wp-block-columns alignwide is-layout-flex wp-container-core-columns-is-layout-28f84493 wp-block-columns-is-layout-flex\">\n<div class=\"wp-block-column is-layout-flow wp-block-column-is-layout-flow\">\n<figure class=\"wp-block-image size-full\"><img loading=\"lazy\" decoding=\"async\" width=\"800\" height=\"520\" src=\"https:\/\/cdi.leonarddevinci-mayenne.fr\/wp-content\/uploads\/2022\/05\/02cdi_6W_sm.jpg\" alt=\"\" class=\"wp-image-883\" srcset=\"https:\/\/cdi.leonarddevinci-mayenne.fr\/wp-content\/uploads\/2022\/05\/02cdi_6W_sm.jpg 800w, https:\/\/cdi.leonarddevinci-mayenne.fr\/wp-content\/uploads\/2022\/05\/02cdi_6W_sm-300x195.jpg 300w, https:\/\/cdi.leonarddevinci-mayenne.fr\/wp-content\/uploads\/2022\/05\/02cdi_6W_sm-768x499.jpg 768w\" sizes=\"auto, (max-width: 800px) 100vw, 800px\" \/><\/figure>\n<\/div>\n\n\n\n<div class=\"wp-block-column is-vertically-aligned-center is-layout-flow wp-block-column-is-layout-flow\">\n<figure class=\"wp-block-image size-full\"><img loading=\"lazy\" decoding=\"async\" width=\"800\" height=\"520\" src=\"https:\/\/cdi.leonarddevinci-mayenne.fr\/wp-content\/uploads\/2022\/05\/02cdi_16W_sm-1.jpg\" alt=\"\" class=\"wp-image-902\" srcset=\"https:\/\/cdi.leonarddevinci-mayenne.fr\/wp-content\/uploads\/2022\/05\/02cdi_16W_sm-1.jpg 800w, https:\/\/cdi.leonarddevinci-mayenne.fr\/wp-content\/uploads\/2022\/05\/02cdi_16W_sm-1-300x195.jpg 300w, https:\/\/cdi.leonarddevinci-mayenne.fr\/wp-content\/uploads\/2022\/05\/02cdi_16W_sm-1-768x499.jpg 768w\" sizes=\"auto, (max-width: 800px) 100vw, 800px\" \/><\/figure>\n<\/div>\n<\/div>\n","protected":false},"excerpt":{"rendered":"<p>Situ\u00e9 au rez-de-chauss\u00e9e de l\u2019internat des gar\u00e7ons et \u00e0 proximit\u00e9 du foyer, le CDI est un espace de travail et de lecture destin\u00e9 aux \u00e9l\u00e8ves, \u00e9tudiants, apprentis, professeurs et personnels. Le fonds documentaire r\u00e9pond aux besoins des activit\u00e9s p\u00e9dagogiques interdisciplinaires, \u00e0 vis\u00e9es professionnelles et culturelles, s\u2019y d\u00e9roulant. Les acquisitions sont effectu\u00e9es en fonction des projets, &hellip;<\/p>\n<p class=\"read-more\"> <a class=\"\" href=\"https:\/\/cdi.leonarddevinci-mayenne.fr\/index.php\/accueil\/\"> <span class=\"screen-reader-text\">Accueil<\/span> Lire la suite\u00a0\u00bb<\/a><\/p>\n","protected":false},"author":1,"featured_media":0,"parent":0,"menu_order":0,"comment_status":"closed","ping_status":"closed","template":"","meta":{"site-sidebar-layout":"default","site-content-layout":"default","ast-global-header-display":"","ast-main-header-display":"","ast-hfb-above-header-display":"","ast-hfb-below-header-display":"","ast-hfb-mobile-header-display":"","site-post-title":"","ast-breadcrumbs-content":"","ast-featured-img":"","footer-sml-layout":"","theme-transparent-header-meta":"","adv-header-id-meta":"","stick-header-meta":"","header-above-stick-meta":"","header-main-stick-meta":"","header-below-stick-meta":"","footnotes":""},"class_list":["post-947","page","type-page","status-publish","hentry"],"yoast_head":"<!-- This site is optimized with the Yoast SEO plugin v27.5 - https:\/\/yoast.com\/product\/yoast-seo-wordpress\/ -->\n<title>Accueil - CDI L\u00e9onard-de-Vinci Mayenne<\/title>\n<meta name=\"robots\" content=\"index, follow, max-snippet:-1, max-image-preview:large, max-video-preview:-1\" \/>\n<link rel=\"canonical\" href=\"https:\/\/cdi.leonarddevinci-mayenne.fr\/index.php\/accueil\/\" \/>\n<meta property=\"og:locale\" content=\"fr_FR\" \/>\n<meta property=\"og:type\" content=\"article\" \/>\n<meta property=\"og:title\" content=\"Accueil - CDI L\u00e9onard-de-Vinci Mayenne\" \/>\n<meta property=\"og:description\" content=\"Situ\u00e9 au rez-de-chauss\u00e9e de l\u2019internat des gar\u00e7ons et \u00e0 proximit\u00e9 du foyer, le CDI est un espace de travail et de lecture destin\u00e9 aux \u00e9l\u00e8ves, \u00e9tudiants, apprentis, professeurs et personnels. Le fonds documentaire r\u00e9pond aux besoins des activit\u00e9s p\u00e9dagogiques interdisciplinaires, \u00e0 vis\u00e9es professionnelles et culturelles, s\u2019y d\u00e9roulant. Les acquisitions sont effectu\u00e9es en fonction des projets, &hellip; Accueil Lire la suite\u00a0\u00bb\" \/>\n<meta property=\"og:url\" content=\"https:\/\/cdi.leonarddevinci-mayenne.fr\/index.php\/accueil\/\" \/>\n<meta property=\"og:site_name\" content=\"CDI L\u00e9onard-de-Vinci Mayenne\" \/>\n<meta property=\"article:modified_time\" content=\"2022-05-19T14:18:31+00:00\" \/>\n<meta property=\"og:image\" content=\"https:\/\/cdi.leonarddevinci-mayenne.fr\/wp-content\/uploads\/2022\/05\/02cdi_6W_sm.jpg\" \/>\n<meta name=\"twitter:card\" content=\"summary_large_image\" \/>\n<meta name=\"twitter:label1\" content=\"Dur\u00e9e de lecture estim\u00e9e\" \/>\n\t<meta name=\"twitter:data1\" content=\"1 minute\" \/>\n<script type=\"application\/ld+json\" class=\"yoast-schema-graph\">{\"@context\":\"https:\\\/\\\/schema.org\",\"@graph\":[{\"@type\":\"WebPage\",\"@id\":\"https:\\\/\\\/cdi.leonarddevinci-mayenne.fr\\\/index.php\\\/accueil\\\/\",\"url\":\"https:\\\/\\\/cdi.leonarddevinci-mayenne.fr\\\/index.php\\\/accueil\\\/\",\"name\":\"Accueil - CDI L\u00e9onard-de-Vinci Mayenne\",\"isPartOf\":{\"@id\":\"https:\\\/\\\/cdi.leonarddevinci-mayenne.fr\\\/#website\"},\"primaryImageOfPage\":{\"@id\":\"https:\\\/\\\/cdi.leonarddevinci-mayenne.fr\\\/index.php\\\/accueil\\\/#primaryimage\"},\"image\":{\"@id\":\"https:\\\/\\\/cdi.leonarddevinci-mayenne.fr\\\/index.php\\\/accueil\\\/#primaryimage\"},\"thumbnailUrl\":\"https:\\\/\\\/cdi.leonarddevinci-mayenne.fr\\\/wp-content\\\/uploads\\\/2022\\\/05\\\/02cdi_6W_sm.jpg\",\"datePublished\":\"2022-05-19T14:16:45+00:00\",\"dateModified\":\"2022-05-19T14:18:31+00:00\",\"breadcrumb\":{\"@id\":\"https:\\\/\\\/cdi.leonarddevinci-mayenne.fr\\\/index.php\\\/accueil\\\/#breadcrumb\"},\"inLanguage\":\"fr-FR\",\"potentialAction\":[{\"@type\":\"ReadAction\",\"target\":[\"https:\\\/\\\/cdi.leonarddevinci-mayenne.fr\\\/index.php\\\/accueil\\\/\"]}]},{\"@type\":\"ImageObject\",\"inLanguage\":\"fr-FR\",\"@id\":\"https:\\\/\\\/cdi.leonarddevinci-mayenne.fr\\\/index.php\\\/accueil\\\/#primaryimage\",\"url\":\"https:\\\/\\\/cdi.leonarddevinci-mayenne.fr\\\/wp-content\\\/uploads\\\/2022\\\/05\\\/02cdi_6W_sm.jpg\",\"contentUrl\":\"https:\\\/\\\/cdi.leonarddevinci-mayenne.fr\\\/wp-content\\\/uploads\\\/2022\\\/05\\\/02cdi_6W_sm.jpg\",\"width\":800,\"height\":520},{\"@type\":\"BreadcrumbList\",\"@id\":\"https:\\\/\\\/cdi.leonarddevinci-mayenne.fr\\\/index.php\\\/accueil\\\/#breadcrumb\",\"itemListElement\":[{\"@type\":\"ListItem\",\"position\":1,\"name\":\"Accueil\",\"item\":\"https:\\\/\\\/cdi.leonarddevinci-mayenne.fr\\\/\"},{\"@type\":\"ListItem\",\"position\":2,\"name\":\"Accueil\"}]},{\"@type\":\"WebSite\",\"@id\":\"https:\\\/\\\/cdi.leonarddevinci-mayenne.fr\\\/#website\",\"url\":\"https:\\\/\\\/cdi.leonarddevinci-mayenne.fr\\\/\",\"name\":\"CDI L\u00e9onard-de-Vinci Mayenne\",\"description\":\"\",\"publisher\":{\"@id\":\"https:\\\/\\\/cdi.leonarddevinci-mayenne.fr\\\/#organization\"},\"potentialAction\":[{\"@type\":\"SearchAction\",\"target\":{\"@type\":\"EntryPoint\",\"urlTemplate\":\"https:\\\/\\\/cdi.leonarddevinci-mayenne.fr\\\/?s={search_term_string}\"},\"query-input\":{\"@type\":\"PropertyValueSpecification\",\"valueRequired\":true,\"valueName\":\"search_term_string\"}}],\"inLanguage\":\"fr-FR\"},{\"@type\":\"Organization\",\"@id\":\"https:\\\/\\\/cdi.leonarddevinci-mayenne.fr\\\/#organization\",\"name\":\"CDI L\u00e9onard-de-Vinci Mayenne\",\"url\":\"https:\\\/\\\/cdi.leonarddevinci-mayenne.fr\\\/\",\"logo\":{\"@type\":\"ImageObject\",\"inLanguage\":\"fr-FR\",\"@id\":\"https:\\\/\\\/cdi.leonarddevinci-mayenne.fr\\\/#\\\/schema\\\/logo\\\/image\\\/\",\"url\":\"https:\\\/\\\/cdi.leonarddevinci-mayenne.fr\\\/wp-content\\\/uploads\\\/2022\\\/05\\\/logo_cdi_couleur-01.png\",\"contentUrl\":\"https:\\\/\\\/cdi.leonarddevinci-mayenne.fr\\\/wp-content\\\/uploads\\\/2022\\\/05\\\/logo_cdi_couleur-01.png\",\"width\":175,\"height\":93,\"caption\":\"CDI L\u00e9onard-de-Vinci Mayenne\"},\"image\":{\"@id\":\"https:\\\/\\\/cdi.leonarddevinci-mayenne.fr\\\/#\\\/schema\\\/logo\\\/image\\\/\"}}]}<\/script>\n<!-- \/ Yoast SEO plugin. -->","yoast_head_json":{"title":"Accueil - CDI L\u00e9onard-de-Vinci Mayenne","robots":{"index":"index","follow":"follow","max-snippet":"max-snippet:-1","max-image-preview":"max-image-preview:large","max-video-preview":"max-video-preview:-1"},"canonical":"https:\/\/cdi.leonarddevinci-mayenne.fr\/index.php\/accueil\/","og_locale":"fr_FR","og_type":"article","og_title":"Accueil - CDI L\u00e9onard-de-Vinci Mayenne","og_description":"Situ\u00e9 au rez-de-chauss\u00e9e de l\u2019internat des gar\u00e7ons et \u00e0 proximit\u00e9 du foyer, le CDI est un espace de travail et de lecture destin\u00e9 aux \u00e9l\u00e8ves, \u00e9tudiants, apprentis, professeurs et personnels. Le fonds documentaire r\u00e9pond aux besoins des activit\u00e9s p\u00e9dagogiques interdisciplinaires, \u00e0 vis\u00e9es professionnelles et culturelles, s\u2019y d\u00e9roulant. Les acquisitions sont effectu\u00e9es en fonction des projets, &hellip; Accueil Lire la suite\u00a0\u00bb","og_url":"https:\/\/cdi.leonarddevinci-mayenne.fr\/index.php\/accueil\/","og_site_name":"CDI L\u00e9onard-de-Vinci Mayenne","article_modified_time":"2022-05-19T14:18:31+00:00","og_image":[{"url":"https:\/\/cdi.leonarddevinci-mayenne.fr\/wp-content\/uploads\/2022\/05\/02cdi_6W_sm.jpg","type":"","width":"","height":""}],"twitter_card":"summary_large_image","twitter_misc":{"Dur\u00e9e de lecture estim\u00e9e":"1 minute"},"schema":{"@context":"https:\/\/schema.org","@graph":[{"@type":"WebPage","@id":"https:\/\/cdi.leonarddevinci-mayenne.fr\/index.php\/accueil\/","url":"https:\/\/cdi.leonarddevinci-mayenne.fr\/index.php\/accueil\/","name":"Accueil - CDI L\u00e9onard-de-Vinci Mayenne","isPartOf":{"@id":"https:\/\/cdi.leonarddevinci-mayenne.fr\/#website"},"primaryImageOfPage":{"@id":"https:\/\/cdi.leonarddevinci-mayenne.fr\/index.php\/accueil\/#primaryimage"},"image":{"@id":"https:\/\/cdi.leonarddevinci-mayenne.fr\/index.php\/accueil\/#primaryimage"},"thumbnailUrl":"https:\/\/cdi.leonarddevinci-mayenne.fr\/wp-content\/uploads\/2022\/05\/02cdi_6W_sm.jpg","datePublished":"2022-05-19T14:16:45+00:00","dateModified":"2022-05-19T14:18:31+00:00","breadcrumb":{"@id":"https:\/\/cdi.leonarddevinci-mayenne.fr\/index.php\/accueil\/#breadcrumb"},"inLanguage":"fr-FR","potentialAction":[{"@type":"ReadAction","target":["https:\/\/cdi.leonarddevinci-mayenne.fr\/index.php\/accueil\/"]}]},{"@type":"ImageObject","inLanguage":"fr-FR","@id":"https:\/\/cdi.leonarddevinci-mayenne.fr\/index.php\/accueil\/#primaryimage","url":"https:\/\/cdi.leonarddevinci-mayenne.fr\/wp-content\/uploads\/2022\/05\/02cdi_6W_sm.jpg","contentUrl":"https:\/\/cdi.leonarddevinci-mayenne.fr\/wp-content\/uploads\/2022\/05\/02cdi_6W_sm.jpg","width":800,"height":520},{"@type":"BreadcrumbList","@id":"https:\/\/cdi.leonarddevinci-mayenne.fr\/index.php\/accueil\/#breadcrumb","itemListElement":[{"@type":"ListItem","position":1,"name":"Accueil","item":"https:\/\/cdi.leonarddevinci-mayenne.fr\/"},{"@type":"ListItem","position":2,"name":"Accueil"}]},{"@type":"WebSite","@id":"https:\/\/cdi.leonarddevinci-mayenne.fr\/#website","url":"https:\/\/cdi.leonarddevinci-mayenne.fr\/","name":"CDI L\u00e9onard-de-Vinci Mayenne","description":"","publisher":{"@id":"https:\/\/cdi.leonarddevinci-mayenne.fr\/#organization"},"potentialAction":[{"@type":"SearchAction","target":{"@type":"EntryPoint","urlTemplate":"https:\/\/cdi.leonarddevinci-mayenne.fr\/?s={search_term_string}"},"query-input":{"@type":"PropertyValueSpecification","valueRequired":true,"valueName":"search_term_string"}}],"inLanguage":"fr-FR"},{"@type":"Organization","@id":"https:\/\/cdi.leonarddevinci-mayenne.fr\/#organization","name":"CDI L\u00e9onard-de-Vinci Mayenne","url":"https:\/\/cdi.leonarddevinci-mayenne.fr\/","logo":{"@type":"ImageObject","inLanguage":"fr-FR","@id":"https:\/\/cdi.leonarddevinci-mayenne.fr\/#\/schema\/logo\/image\/","url":"https:\/\/cdi.leonarddevinci-mayenne.fr\/wp-content\/uploads\/2022\/05\/logo_cdi_couleur-01.png","contentUrl":"https:\/\/cdi.leonarddevinci-mayenne.fr\/wp-content\/uploads\/2022\/05\/logo_cdi_couleur-01.png","width":175,"height":93,"caption":"CDI L\u00e9onard-de-Vinci Mayenne"},"image":{"@id":"https:\/\/cdi.leonarddevinci-mayenne.fr\/#\/schema\/logo\/image\/"}}]}},"_links":{"self":[{"href":"https:\/\/cdi.leonarddevinci-mayenne.fr\/index.php\/wp-json\/wp\/v2\/pages\/947","targetHints":{"allow":["GET"]}}],"collection":[{"href":"https:\/\/cdi.leonarddevinci-mayenne.fr\/index.php\/wp-json\/wp\/v2\/pages"}],"about":[{"href":"https:\/\/cdi.leonarddevinci-mayenne.fr\/index.php\/wp-json\/wp\/v2\/types\/page"}],"author":[{"embeddable":true,"href":"https:\/\/cdi.leonarddevinci-mayenne.fr\/index.php\/wp-json\/wp\/v2\/users\/1"}],"replies":[{"embeddable":true,"href":"https:\/\/cdi.leonarddevinci-mayenne.fr\/index.php\/wp-json\/wp\/v2\/comments?post=947"}],"version-history":[{"count":2,"href":"https:\/\/cdi.leonarddevinci-mayenne.fr\/index.php\/wp-json\/wp\/v2\/pages\/947\/revisions"}],"predecessor-version":[{"id":950,"href":"https:\/\/cdi.leonarddevinci-mayenne.fr\/index.php\/wp-json\/wp\/v2\/pages\/947\/revisions\/950"}],"wp:attachment":[{"href":"https:\/\/cdi.leonarddevinci-mayenne.fr\/index.php\/wp-json\/wp\/v2\/media?parent=947"}],"curies":[{"name":"wp","href":"https:\/\/api.w.org\/{rel}","templated":true}]}}